{"id":96,"date":"2019-09-28T10:45:29","date_gmt":"2019-09-28T10:45:29","guid":{"rendered":"https:\/\/wp.owntec.ch\/?page_id=96"},"modified":"2025-02-18T17:01:19","modified_gmt":"2025-02-18T15:01:19","slug":"offnungszeiten","status":"publish","type":"page","link":"https:\/\/www.berg-hof-laedeli.ch\/index.php\/offnungszeiten\/","title":{"rendered":"Infos"},"content":{"rendered":"<p><section class=\"kc-elm kc-css-786393 kc_row\"><div class=\"kc-row-container  kc-container\"><div class=\"kc-wrap-columns\"><div class=\"kc-elm kc-css-743350 kc_col-sm-12 kc_column kc_col-sm-12\"><div class=\"kc-col-container\">\n<div class=\"kc-elm kc-css-338416 kc-title-wrap \">\n\n\t<h2 class=\"kc_title\">\u00d6ffnungszeit<\/h2>\n<\/div>\n<\/div><\/div><\/div><\/div><\/section><section class=\"kc-elm kc-css-37305 kc_row\"><div class=\"kc-row-container  kc-container\"><div class=\"kc-wrap-columns\"><div class=\"kc-elm kc-css-583379 kc_column kc_col-sm-12\"><div class=\"kc-col-container\"><div class=\"kc-elm kc-css-360076 kc_text_block\"><\/p>\n<p>Das Berghofl\u00e4deli ist <strong>zurzeit zweimal im Monat jeweils&nbsp;Samstags von 9:15 &#8211; 11:00 f\u00fcr Sie ge\u00f6ffnet.<br \/><\/strong>Wir informieren Sie \u00fcber die genauen \u00d6ffnungszeiten jeweils auf der&nbsp;<a href=\"https:\/\/www.berg-hof-laedeli.ch\/\">Startseite<\/a>&nbsp;im Voraus.<\/p>\n<p>Auf Anfrage stehen wir gerne ausserhalb unserer \u00d6ffnungszeiten zur Verf\u00fcgung und nehmen Ihre Bestellungen entgegen.<\/p>\n<p>Wir freuen uns auf Ihren Besuch!<\/p>\n<p>Bitte beachten Sie allf\u00e4llige Blogs auf der <a href=\"https:\/\/www.berg-hof-laedeli.ch\">Startseite<\/a>, wo wir Sie \u00fcber Ferien oder ungeplante \u00d6ffnungszeiten informieren.<\/p>\n<p>\n<\/div><div class=\"kc-elm kc-css-485761\" style=\"height: 20px; clear: both; width:100%;\"><\/div><\/div><\/div><\/div><\/div><\/section><section class=\"kc-elm kc-css-874557 kc_row\"><div class=\"kc-row-container  kc-container\"><div class=\"kc-wrap-columns\"><div class=\"kc-elm kc-css-420641 kc_col-sm-12 kc_column kc_col-sm-12\"><div class=\"kc-col-container\"><div class=\"kc-elm kc-css-838547 kc_shortcode kc_single_image\">\n\n        <img src=\"https:\/\/www.berg-hof-laedeli.ch\/wp-content\/uploads\/2021\/02\/20180423_124535-scaled.jpg\" class=\"\" alt=\"\" \/>    <\/div>\n<\/div><\/div><\/div><\/div><\/section><section class=\"kc-elm kc-css-385349 kc_row\"><div class=\"kc-row-container  kc-container\"><div class=\"kc-wrap-columns\"><div class=\"kc-elm kc-css-867574 kc_col-sm-12 kc_column kc_col-sm-12\"><div class=\"kc-col-container\"><div class=\"kc-elm kc-css-427857\" style=\"height: 20px; clear: both; width:100%;\"><\/div><\/div><\/div><\/div><\/div><\/section><section class=\"kc-elm kc-css-694504 kc_row\"><div class=\"kc-row-container  kc-container\"><div class=\"kc-wrap-columns\"><div class=\"kc-elm kc-css-760176 kc_col-sm-12 kc_column kc_col-sm-12\"><div class=\"kc-col-container\">\n<div class=\"kc-elm kc-css-850353 kc-title-wrap \">\n\n\t<h2 class=\"kc_title\">Kontaktieren Sie uns<\/h2>\n<\/div>\n<div class=\"kc-elm kc-css-172428 kc_text_block\"><\/p>\n<div><strong>Adresse:<\/strong><\/div>\n<div>Silvia Baldinger<\/div>\n<div>Vogelsangstrasse 526<\/div>\n<div>5426 Lengnau AG<strong><br \/><\/strong><\/div>\n<div>\n<p><strong>Telefon:<\/strong><br \/>+41 56 241 15 73<\/p>\n<\/p>\n<\/div>\n<div>\n<p><strong>Mobiltelefon:<\/strong><br \/>+41 79 738 23 47<\/p>\n<\/div>\n<div>\n<p><strong>E-Mail:<\/strong><br \/><a href=\"mailto:silvia.baldinger@berg-hof-laedeli.ch\">silvia.baldinger@berg-hof-laedeli.ch<\/a><\/p>\n<\/div>\n<p><strong>Technischer Kontakt:<\/strong><br \/><a href=\"mailto:webmaster@berg-hof-laedeli.ch\">webmaster@berg-hof-laedeli.ch<\/a><\/p>\n<p>\n<\/div><div class=\"kc-elm kc-css-733364\" style=\"height: 20px; clear: both; width:100%;\"><\/div><\/div><\/div><\/div><\/div><\/section><section class=\"kc-elm kc-css-774595 kc_row\"><div class=\"kc-row-container  kc-container\"><div class=\"kc-wrap-columns\"><div class=\"kc-elm kc-css-361333 kc_col-sm-12 kc_column kc_col-sm-12\"><div class=\"kc-col-container\">\n<div class=\"kc-elm kc-css-873695 kc-title-wrap \">\n\n\t<h2 class=\"kc_title\">Wo Sie uns finden<\/h2>\n<\/div>\n<\/div><\/div><\/div><\/div><\/section><section class=\"kc-elm kc-css-613758 kc_row\"><div class=\"kc-row-container  kc-container\"><div class=\"kc-wrap-columns\"><div class=\"kc-elm kc-css-234221 kc_col-sm-12 kc_column kc_col-sm-12\"><div class=\"kc-col-container\"><div class=\"kc-elm kc-css-182036 kc_google_maps kc_shortcode\"><div style=\"height: 500px\" class=\"kc-google-maps\"><iframe src=\"https:\/\/www.google.com\/maps\/embed?pb=!1m18!1m12!1m3!1d2693.8421958850886!2d8.331392115888622!3d47.53193517917982!2m3!1f0!2f0!3f0!3m2!1i1024!2i768!4f13.1!3m3!1m2!1s0x47906c2564cb2855%3A0x48012256f4ca8c46!2sVogelsangstrasse%20526%2C%205426%20Lengnau!5e0!3m2!1sde!2sch!4v1569667851437!5m2!1sde!2sch\" width=\"100%\" height=\"500\" frameborder=\"0\" style=\"border:0;\" allowfullscreen=\"\"><\/iframe><\/div><\/div><\/div><\/div><\/div><\/div><\/section><\/p>\n","protected":false},"excerpt":{"rendered":"","protected":false},"author":1,"featured_media":0,"parent":0,"menu_order":0,"comment_status":"closed","ping_status":"closed","template":"","meta":[],"wps_subtitle":"","_links":{"self":[{"href":"https:\/\/www.berg-hof-laedeli.ch\/index.php\/wp-json\/wp\/v2\/pages\/96"}],"collection":[{"href":"https:\/\/www.berg-hof-laedeli.ch\/index.php\/wp-json\/wp\/v2\/pages"}],"about":[{"href":"https:\/\/www.berg-hof-laedeli.ch\/index.php\/wp-json\/wp\/v2\/types\/page"}],"author":[{"embeddable":true,"href":"https:\/\/www.berg-hof-laedeli.ch\/index.php\/wp-json\/wp\/v2\/users\/1"}],"replies":[{"embeddable":true,"href":"https:\/\/www.berg-hof-laedeli.ch\/index.php\/wp-json\/wp\/v2\/comments?post=96"}],"version-history":[{"count":59,"href":"https:\/\/www.berg-hof-laedeli.ch\/index.php\/wp-json\/wp\/v2\/pages\/96\/revisions"}],"predecessor-version":[{"id":1206,"href":"https:\/\/www.berg-hof-laedeli.ch\/index.php\/wp-json\/wp\/v2\/pages\/96\/revisions\/1206"}],"wp:attachment":[{"href":"https:\/\/www.berg-hof-laedeli.ch\/index.php\/wp-json\/wp\/v2\/media?parent=96"}],"curies":[{"name":"wp","href":"https:\/\/api.w.org\/{rel}","templated":true}]}}