{"id":1121,"date":"2023-03-09T11:59:42","date_gmt":"2023-03-09T09:59:42","guid":{"rendered":"https:\/\/www.berg-hof-laedeli.ch\/?post_type=product&#038;p=1121"},"modified":"2024-11-09T00:35:41","modified_gmt":"2024-11-08T22:35:41","slug":"tannenzaepfli-aus-zopfteig-90-g","status":"publish","type":"product","link":"https:\/\/www.berg-hof-laedeli.ch\/index.php\/product\/tannenzaepfli-aus-zopfteig-90-g\/","title":{"rendered":"Tannez\u00e4pfli aus Zopfteig 90 g"},"content":{"rendered":"<p>Wie w\u00e4re es mit einem knusprigen Tannez\u00e4pfli zum naschen oder verschenken.<\/p>\n<p><strong>Unsere Hefe Teige haben 12 bis 48 Stunden Zeit um aufzugehen.<\/strong><\/p>\n<p>So bleibt das Geb\u00e4ck l\u00e4nger frisch, ist leichter verdaulich und bekommt einen intensiveren Geschmack<\/p>\n<p>&nbsp;<\/p>\n","protected":false},"excerpt":{"rendered":"<p>Wie w\u00e4re es mit einem knusprigen Tannez\u00e4pfli zum naschen oder verschenken. Unsere Hefe Teige haben 12 bis 48 Stunden Zeit um aufzugehen. So bleibt das Geb\u00e4ck l\u00e4nger frisch, ist leichter verdaulich und bekommt einen intensiveren Geschmack &nbsp;<\/p>\n","protected":false},"featured_media":0,"template":"","meta":[],"product_cat":[21,30,22],"product_tag":[32,54,31,17],"_links":{"self":[{"href":"https:\/\/www.berg-hof-laedeli.ch\/index.php\/wp-json\/wp\/v2\/product\/1121"}],"collection":[{"href":"https:\/\/www.berg-hof-laedeli.ch\/index.php\/wp-json\/wp\/v2\/product"}],"about":[{"href":"https:\/\/www.berg-hof-laedeli.ch\/index.php\/wp-json\/wp\/v2\/types\/product"}],"wp:attachment":[{"href":"https:\/\/www.berg-hof-laedeli.ch\/index.php\/wp-json\/wp\/v2\/media?parent=1121"}],"wp:term":[{"taxonomy":"product_cat","embeddable":true,"href":"https:\/\/www.berg-hof-laedeli.ch\/index.php\/wp-json\/wp\/v2\/product_cat?post=1121"},{"taxonomy":"product_tag","embeddable":true,"href":"https:\/\/www.berg-hof-laedeli.ch\/index.php\/wp-json\/wp\/v2\/product_tag?post=1121"}],"curies":[{"name":"wp","href":"https:\/\/api.w.org\/{rel}","templated":true}]}}