{"id":354,"date":"2019-10-06T09:29:58","date_gmt":"2019-10-06T07:29:58","guid":{"rendered":"https:\/\/www.berg-hof-laedeli.ch\/?post_type=product&#038;p=354"},"modified":"2025-02-16T17:09:30","modified_gmt":"2025-02-16T15:09:30","slug":"speckzopf","status":"publish","type":"product","link":"https:\/\/www.berg-hof-laedeli.ch\/index.php\/product\/speckzopf\/","title":{"rendered":"Speckzopf"},"content":{"rendered":"<p>Mit diesem Speckzopf k\u00f6nnen sie Ihre Lieben und G\u00e4ste verw\u00f6hnen.<br \/>\nOb als Apero oder wieso nicht zu einem gluschtigen Fondue?<\/p>\n<p><strong>Unsere Hefe Teige haben 12 bis 48 Stunden Zeit um aufzugehen.<\/strong><\/p>\n<p>So bleibt das Brot l\u00e4nger frisch, ist leichter verdaulich und bekommt einen intensiveren Geschmack.<\/p>\n<p>&nbsp;<\/p>\n<p>&nbsp;<\/p>\n","protected":false},"excerpt":{"rendered":"<p>Eine echte Spezialit\u00e4t des Berg-Hof-L\u00e4deli.<\/p>\n<p><strong>ACHTUNG!!<\/strong><\/p>\n<p><strong>Bestellungen bitte 4 Tage im Voraus, bei Grossbestellungen 7 Tage<\/strong><\/p>\n","protected":false},"featured_media":123,"template":"","meta":[],"product_cat":[21,24,22],"product_tag":[25,26,17],"_links":{"self":[{"href":"https:\/\/www.berg-hof-laedeli.ch\/index.php\/wp-json\/wp\/v2\/product\/354"}],"collection":[{"href":"https:\/\/www.berg-hof-laedeli.ch\/index.php\/wp-json\/wp\/v2\/product"}],"about":[{"href":"https:\/\/www.berg-hof-laedeli.ch\/index.php\/wp-json\/wp\/v2\/types\/product"}],"wp:featuredmedia":[{"embeddable":true,"href":"https:\/\/www.berg-hof-laedeli.ch\/index.php\/wp-json\/wp\/v2\/media\/123"}],"wp:attachment":[{"href":"https:\/\/www.berg-hof-laedeli.ch\/index.php\/wp-json\/wp\/v2\/media?parent=354"}],"wp:term":[{"taxonomy":"product_cat","embeddable":true,"href":"https:\/\/www.berg-hof-laedeli.ch\/index.php\/wp-json\/wp\/v2\/product_cat?post=354"},{"taxonomy":"product_tag","embeddable":true,"href":"https:\/\/www.berg-hof-laedeli.ch\/index.php\/wp-json\/wp\/v2\/product_tag?post=354"}],"curies":[{"name":"wp","href":"https:\/\/api.w.org\/{rel}","templated":true}]}}