{"id":361,"date":"2019-10-06T09:53:16","date_gmt":"2019-10-06T07:53:16","guid":{"rendered":"https:\/\/www.berg-hof-laedeli.ch\/?post_type=product&#038;p=361"},"modified":"2022-04-10T20:50:27","modified_gmt":"2022-04-10T18:50:27","slug":"mandelgipfel","status":"publish","type":"product","link":"https:\/\/www.berg-hof-laedeli.ch\/index.php\/product\/mandelgipfel\/","title":{"rendered":"Mandelgipfel"},"content":{"rendered":"<p>Der Mandelgipfel mit Bl\u00e4tterteig und hausgemachter F\u00fcllung ( Mandeln, \u00c4pfel und Aprikosen) ist eine S\u00fcnde wert.<\/p>\n<p>Zutaten F\u00fcllung: <strong>Mandeln,\u00a0<\/strong>Apfel, Zucker, Aprikosen, Abrieb und Saft von Zitrone,\u00a0<strong>Zimt,<\/strong><\/p>\n<p><strong>Eigelb, Milch<\/strong><\/p>\n","protected":false},"excerpt":{"rendered":"<p>Die hausgemachten Mandelgipfel.<\/p>\n","protected":false},"featured_media":121,"template":"","meta":[],"product_cat":[21,35],"product_tag":[38,49,47,36,37,48],"_links":{"self":[{"href":"https:\/\/www.berg-hof-laedeli.ch\/index.php\/wp-json\/wp\/v2\/product\/361"}],"collection":[{"href":"https:\/\/www.berg-hof-laedeli.ch\/index.php\/wp-json\/wp\/v2\/product"}],"about":[{"href":"https:\/\/www.berg-hof-laedeli.ch\/index.php\/wp-json\/wp\/v2\/types\/product"}],"wp:featuredmedia":[{"embeddable":true,"href":"https:\/\/www.berg-hof-laedeli.ch\/index.php\/wp-json\/wp\/v2\/media\/121"}],"wp:attachment":[{"href":"https:\/\/www.berg-hof-laedeli.ch\/index.php\/wp-json\/wp\/v2\/media?parent=361"}],"wp:term":[{"taxonomy":"product_cat","embeddable":true,"href":"https:\/\/www.berg-hof-laedeli.ch\/index.php\/wp-json\/wp\/v2\/product_cat?post=361"},{"taxonomy":"product_tag","embeddable":true,"href":"https:\/\/www.berg-hof-laedeli.ch\/index.php\/wp-json\/wp\/v2\/product_tag?post=361"}],"curies":[{"name":"wp","href":"https:\/\/api.w.org\/{rel}","templated":true}]}}